{"id":40,"date":"2021-04-30T14:22:53","date_gmt":"2021-04-30T14:22:53","guid":{"rendered":"https:\/\/obispadoica.org\/wp\/?page_id=40"},"modified":"2026-03-05T16:01:29","modified_gmt":"2026-03-05T16:01:29","slug":"curia-episcopal","status":"publish","type":"page","link":"https:\/\/obispadoica.org\/wp\/curia-episcopal\/","title":{"rendered":"Curia Episcopal"},"content":{"rendered":"<h5>VICARIA GENERAL\u00a0<strong>\u00a0\u00a0\u00a0<\/strong><\/h5>\n<p><strong><em>+ Direcci\u00f3n<\/em><\/strong>\u00a0 \u00a0 \u00a0 \u00a0 \u00a0 \u00a0 \u00a0<strong>:<\/strong>\u00a0Calle Cajamarca 246 &#8211; Ica<\/p>\n<p><strong><em>+ Tel\u00e9fono<\/em><\/strong>\u00a0 \u00a0 \u00a0 \u00a0 \u00a0 \u00a0 \u00a0\u00a0<strong>\u00a0:<\/strong>\u00a0(056) 231511<\/p>\n<p><strong><em>+ Fax\u00a0\u00a0<\/em><\/strong>\u00a0 \u00a0 \u00a0 \u00a0 \u00a0 \u00a0 \u00a0 \u00a0 \u00a0 \u00a0 \u00a0<strong>\u00a0:\u00a0<\/strong>(056) 232642<\/p>\n<p><em><strong>+ Vicario General \u00a0: \u00a0\u00a0<\/strong><\/em>Pbro. Edmundo Rufino Hern\u00e1ndez Aparcana<\/p>\n<p><strong><em>+ Vicario Episcopal de Curia:\u00a0\u00a0\u00a0<\/em><\/strong> Pbro.<\/p>\n<h5>CANCILLER\u00cdA<\/h5>\n<p><strong><em>+ Direcci\u00f3n \u00a0 \u00a0 \u00a0 \u00a0 \u00a0 :<\/em><\/strong>\u00a0Calle Cajamarca 246 &#8211; Ica<\/p>\n<p><strong><em>+ Tel\u00e9fono \u00a0 \u00a0 \u00a0 \u00a0 \u00a0 \u00a0 :<\/em><\/strong>\u00a0(056) 231511<\/p>\n<p><strong><em>+ E-mail \u00a0 \u00a0 \u00a0 \u00a0 \u00a0 \u00a0 \u00a0 \u00a0 :\u00a0<\/em><\/strong><a href=\"mailto:cancilleria_ica@hotmail.com\">cancilleria_ica@hotmail.com<\/a><\/p>\n<p><strong><em>+ Fax \u00a0 \u00a0 \u00a0 \u00a0 \u00a0 \u00a0 \u00a0 \u00a0 \u00a0 \u00a0 \u00a0:<\/em><\/strong>\u00a0(056)\u00a0232642<\/p>\n<p><strong><em>+ Canciller \u00a0 \u00a0 \u00a0 \u00a0 \u00a0 \u00a0:<\/em><\/strong><em>\u00a0<\/em>Pbro. Braulio Lezunde Rivas<\/p>\n<p><strong><em>+ Vice Canciller y\u00a0Notario Eclesi\u00e1stico:\u00a0\u00a0\u00a0\u00a0\u00a0<\/em><\/strong>Pbro. Walter \u00c1valos Saravia<\/p>\n<h5><strong>SECRETAR\u00cdA GENERAL<\/strong><\/h5>\n<p><strong><em>+ Secretaria \u00a0 \u00a0 :<\/em><\/strong> Hna. Mar\u00eda Jes\u00fas Livia Garc\u00eda, C de la C<\/p>\n<p><strong><em>+ Direcci\u00f3n \u00a0 \u00a0 \u00a0 :<\/em><\/strong><em>\u00a0<\/em>Calle Cajamarca 246 &#8211; Ica<\/p>\n<p><strong><em>+ Tel\u00e9fono \u00a0 \u00a0 \u00a0 \u00a0 :<\/em><\/strong><em>\u00a0<\/em>(056) 231511<\/p>\n<p><strong><em>+ Fax\u00a0\u00a0\u00a0\u00a0\u00a0\u00a0\u00a0\u00a0\u00a0\u00a0\u00a0\u00a0\u00a0\u00a0\u00a0\u00a0\u00a0\u00a0:<\/em><\/strong><em>\u00a0<\/em>(056) 232642<\/p>\n<p><strong><em>+ E-mail \u00a0 \u00a0 \u00a0 \u00a0 \u00a0 \u00a0 :<\/em><\/strong><em>\u00a0<\/em><a href=\"mailto:obispadoica@usat.edu.pe\">obispadoica@usat.edu.pe<\/a><\/p>\n<h5>\u00a0<strong>SINDICATURA<\/strong><\/h5>\n<p><strong><em>+ Director \u00a0 \u00a0 \u00a0 \u00a0 \u00a0:<\/em><\/strong><em>\u00a0<\/em>Pbro.\u00a0Edmundo Hern\u00e1ndez Aparcana<\/p>\n<p><strong><em>+ Direcci\u00f3n \u00a0 \u00a0 \u00a0 :<\/em><\/strong>\u00a0Calle Cajamarca 246 &#8211; Ica<\/p>\n<p><strong><em>+ Tel\u00e9fono \u00a0 \u00a0 \u00a0 \u00a0 :<\/em><\/strong>\u00a0(056) 231511<\/p>\n<p><strong><em>+ E-mail \u00a0 \u00a0 \u00a0 \u00a0 \u00a0 \u00a0 :<\/em><\/strong><em>\u00a0<\/em><a href=\"mailto:edheapa@hotmail.com\">edheapa@hotmail.com<\/a><\/p>\n<h5><strong>OFICINA DE PRENSA:<\/strong><\/h5>\n<p><strong><em>+ Encargado \u00a0 \u00a0:<\/em><\/strong>\u00a0Pbro. Edmundo Hern\u00e1ndez Aparcana<\/p>\n<p><strong><em>+ Direcci\u00f3n \u00a0 \u00a0 \u00a0:<\/em><\/strong>\u00a0Calle Cajamarca 246 &#8211; Ica<\/p>\n<p><strong><em>+ Tel\u00e9fono \u00a0 \u00a0 \u00a0 \u00a0:\u00a0<\/em><\/strong>(056) 231511<\/p>\n<p><strong><em>+ Fax\u00a0\u00a0\u00a0\u00a0\u00a0\u00a0\u00a0\u00a0\u00a0\u00a0\u00a0\u00a0\u00a0\u00a0\u00a0\u00a0\u00a0:<\/em><\/strong><em>\u00a0<\/em>(056) 232642<\/p>\n<p><strong><em>+ E- mail \u00a0 \u00a0 \u00a0 \u00a0 \u00a0 :\u00a0<\/em><\/strong><a href=\"mailto:edheapa@hotmail.com\">edheapa@hotmail.com<\/a><\/p>\n<p><strong>DEPARTAMENTO LEGAL:<\/strong><\/p>\n<p><strong><em>+ Encargado \u00a0 :<\/em><\/strong>\u00a0Dr. Alan Quispe Bejarano<\/p>\n<p><strong><em>+ Direcci\u00f3n \u00a0 \u00a0 :<\/em><\/strong><em>\u00a0<\/em>Calle Cajamarca 246 \u2013 Ica<\/p>\n<p><strong><em>+ Tel\u00e9fono \u00a0 \u00a0 \u00a0 :\u00a0<\/em><\/strong>(056) 231511<\/p>\n<p><strong><em>+ Fax \u00a0 \u00a0 \u00a0 \u00a0 \u00a0 \u00a0 \u00a0 \u00a0:<\/em><\/strong><em>\u00a0<\/em>(056) 232642<\/p>\n<p><strong><em>+ E-mail \u00a0 \u00a0 \u00a0 \u00a0 \u00a0 :<\/em><\/strong>\u00a0\u00a0<a href=\"mailto:alanbejarano@hotmail.com\">alanbejarano@hotmail.com<\/a><\/p>\n<p><strong>VENERABLE CABILDO METROPOLITANO<\/strong><\/p>\n<p><strong><em>\u00a0+\u00a0De\u00e1n \u00a0 \u00a0 \u00a0 \u00a0 \u00a0 \u00a0 \u00a0 \u00a0 \u00a0 \u00a0 \u00a0 \u00a0 \u00a0 :\u00a0\u00a0\u00a0<\/em><\/strong> Pbro. Jos\u00e9 Ademir Carpio Urquizo<\/p>\n<p><strong><em>+ Teologal \u00a0 \u00a0 \u00a0 \u00a0 \u00a0 \u00a0 \u00a0 \u00a0 \u00a0 \u00a0 \u00a0:<\/em><\/strong><em><strong>\u00a0\u00a0\u00a0<\/strong><\/em><strong>\u00a0<\/strong>Pbro. Pbro. C\u00e9sar \u00cdtalo Mateo M\u00f3rtola Mu\u00f1ante<\/p>\n<p><strong><em>+ Magistral \u00a0 \u00a0 \u00a0 \u00a0 \u00a0 \u00a0 \u00a0 \u00a0 \u00a0 \u00a0:\u00a0\u00a0<\/em><\/strong>\u00a0 Pbro. Edmundo Hern\u00e1ndez Aparcana<\/p>\n<p><strong><em>+ Merced \u00a0 \u00a0 \u00a0 \u00a0 \u00a0 \u00a0 \u00a0 \u00a0 \u00a0 \u00a0 \u00a0 \u00a0: \u00a0\u00a0<\/em><\/strong>Pbro. Braulio Lezunde Rivas<\/p>\n<p><strong><em>+ Capell\u00e1n de coro \u00a0 \u00a0 \u00a0:\u00a0\u00a0\u00a0<\/em><\/strong>\u00a0Pbro. Jos\u00e9 S\u00e1nchez Bernuy<\/p>\n<h5><strong>CONSEJO PRESBITERAL<\/strong><\/h5>\n<p><strong>+<\/strong> Pbro. Edmundo Rufino Hern\u00e1ndez Aparcana<\/p>\n<p><strong>+<\/strong> Pbro. Braulio Lezunde Rivas<\/p>\n<p><strong>+<\/strong> Pbro. Jos\u00e9 Ademir Carpio Urquizo<\/p>\n<p><strong>+<\/strong> Pbro. Richard C\u00f3rdova Oca\u00f1a<\/p>\n<p><strong>+<\/strong> Pbro. Francisco Mart\u00edn Quintana Palacios<\/p>\n<p><strong>+<\/strong> Pbro.\u00a0 Eduardo Jes\u00fas Miguel Roller Chong.<\/p>\n<p><strong>+<\/strong> R.P. Pedro Guill\u00e9n Go\u00f1i, C.M.<\/p>\n<p><strong>+<\/strong> Pbro. Jes\u00fas Alexis Cucho Huashuayo<\/p>\n<p><strong>+<\/strong> R.P. David L\u00f3pez Salom\u00f3n, CSSR.<\/p>\n<h5><strong>COLEGIO DE CONSULTORES<\/strong><\/h5>\n<p>+\u00a0 Pbro. Edmundo\u00a0 Rufino Hern\u00e1ndez Aparcana<\/p>\n<p>+ Pbro. Walter Antonio Avalos Saravia<\/p>\n<p>+ Pbro. H\u00e9ctor Wilfredo Campos Lurita<\/p>\n<p>+ Pbro. Jes\u00fas Alexis Cucho Huashuayo<\/p>\n<p>+ R.P. Pedro Guillen Go\u00f1i, CM.<\/p>\n<p>+ R.P. David L\u00f3pez Salom\u00f3n, CSSR.<\/p>\n<h5><strong>OFICINA DE EDUCACION CAT\u00d3LICA<\/strong><\/h5>\n<p><strong><em>+ Directora encargada :<\/em><\/strong>\u00a0Sra. Mar\u00eda Eulalia V\u00edlchez Diez<\/p>\n<p><strong><em>+ Direcci\u00f3n\u00a0\u00a0\u00a0\u00a0\u00a0\u00a0\u00a0\u00a0\u00a0\u00a0\u00a0\u00a0\u00a0\u00a0\u00a0\u00a0\u00a0\u00a0<\/em><\/strong><em>\u00a0 \u00a0\u00a0<strong>:<\/strong><\/em><strong>\u00a0<\/strong>Calle Cajamarca 246 \u2013 Ica, 3er Piso<\/p>\n<p><strong><em>+ Tel\u00e9fono \u00a0 \u00a0 \u00a0 \u00a0 \u00a0 \u00a0 \u00a0 \u00a0 \u00a0 \u00a0 \u00a0 \u00a0:<\/em><\/strong>\u00a0(056) 219046<\/p>\n<p><strong><em>+ E-mail \u00a0 \u00a0 \u00a0 \u00a0 \u00a0 \u00a0 \u00a0 \u00a0 \u00a0 \u00a0 \u00a0 \u00a0 \u00a0 \u00a0 :<\/em><\/strong><\/p>\n<h5><strong>CARITAS DIOCESANA: \u00a0<\/strong><\/h5>\n<p><strong><em>+ Secretaria \u00a0 \u00a0 \u00a0 \u00a0 \u00a0 \u00a0:<\/em><\/strong><em>\u00a0<\/em>Hna. Norma Esther Gavil\u00e1n Ochoa, HSCP<\/p>\n<p><strong><em>+ Coordinadora \u00a0 \u00a0 \u00a0:<\/em><\/strong> Sra. Haydee de la Cruz Aponte<\/p>\n<p><strong><em>+ Direcci\u00f3n \u00a0 \u00a0 \u00a0 \u00a0 \u00a0 \u00a0 \u00a0:<\/em><\/strong><em>\u00a0<\/em>Calle Chiclayo 400 &#8211; Ica<\/p>\n<p><strong><em>+ Tel\u00e9fono \u00a0 \u00a0 \u00a0 \u00a0 \u00a0 \u00a0 \u00a0 \u00a0:<\/em><\/strong><em>\u00a0<\/em>(056) 232852<\/p>\n<h5><strong>OFICINA\u00a0 DIOCESANA DE JUVENTUD<\/strong><\/h5>\n<p><strong><em>+ Directora\u00a0\u00a0\u00a0\u00a0\u00a0\u00a0\u00a0\u00a0\u00a0\u00a0\u00a0\u00a0\u00a0\u00a0\u00a0\u00a0\u00a0\u00a0\u00a0\u00a0\u00a0 :<\/em><\/strong> Hna. Eugenia Rodr\u00edguez Goyzueta<\/p>\n<p><strong><em>+ Asesor Espiritual \u00a0 \u00a0 \u00a0 :<\/em><\/strong>\u00a0Pbro. \u00cdtalo M\u00f3rtola Mu\u00f1ante<\/p>\n<p><strong><em>+ Secretaria Ejecutiva :<\/em><\/strong>\u00a0Prof. Mary Claudia Ramos Uribe<\/p>\n<p><strong><em>+ Direcci\u00f3n\u00a0\u00a0\u00a0\u00a0\u00a0\u00a0\u00a0\u00a0\u00a0\u00a0\u00a0\u00a0\u00a0\u00a0\u00a0\u00a0\u00a0\u00a0\u00a0\u00a0\u00a0 :<\/em><\/strong>\u00a0Calle Cajamarca 246 \u2013 Ica. 3er Piso<\/p>\n<p><strong><em>+ Tel\u00e9fono \u00a0 \u00a0 \u00a0 \u00a0 \u00a0 \u00a0 \u00a0 \u00a0 \u00a0 \u00a0 \u00a0 \u00a0:<\/em><\/strong><em>\u00a0<\/em>(056) 231511<\/p>\n<h5>\u00a0<strong>CASA DE RETIRO MONS. FRANCISCO RUB\u00c9N BERROA<\/strong><\/h5>\n<p><strong>+ Direcci\u00f3n \u00a0 \u00a0 \u00a0 \u00a0 :<\/strong>\u00a0Av. Camino a la Victoria N\u00ba 387 \u2013 San Joaqu\u00edn Viejo.<\/p>\n<p><strong>+ Tel\u00e9fono\u00a0\u00a0\u00a0\u00a0\u00a0\u00a0\u00a0\u00a0\u00a0\u00a0 :<\/strong>\u00a0(056) 227585<strong>\u00a0<\/strong><\/p>\n<h5><strong>CATEDRAL<\/strong><\/h5>\n<p><strong><em>+ Administrador Parroquial \u00a0:<\/em><\/strong><em>\u00a0<\/em>Pbro. C\u00e9sar \u00cdtalo Mateo M\u00f3rtola Mu\u00f1ante<\/p>\n<p><strong>+ Direcci\u00f3n \u00a0 \u00a0 \u00a0 \u00a0 \u00a0 \u00a0 \u00a0 \u00a0 \u00a0 \u00a0 \u00a0 \u00a0 \u00a0 \u00a0 \u00a0 \u00a0:<\/strong>\u00a0Calle Libertad 265 &#8211; Ica<\/p>\n<p><strong>+ Tel\u00e9fono \u00a0 \u00a0 \u00a0 \u00a0 \u00a0 \u00a0 \u00a0 \u00a0 \u00a0 \u00a0 \u00a0 \u00a0 \u00a0 \u00a0 \u00a0 \u00a0 \u00a0:<\/strong>(056) 233184<\/p>\n\n\n<h2 class=\"wp-block-heading\">Horario de Atenci\u00f3n<\/h2>\n\n\n\n<p><strong>Canciller\u00eda<\/strong>: Lunes a Mi\u00e9rcoles de 9 a 1.00 pm<\/p>\n","protected":false},"excerpt":{"rendered":"<p>VICARIA GENERAL\u00a0\u00a0\u00a0\u00a0 + Direcci\u00f3n\u00a0 \u00a0 \u00a0 \u00a0 \u00a0 \u00a0 \u00a0:\u00a0Calle Cajamarca 246 &#8211; Ica + Tel\u00e9fono\u00a0 \u00a0 \u00a0 \u00a0 \u00a0 \u00a0 \u00a0\u00a0\u00a0:\u00a0(056) 231511 + Fax\u00a0\u00a0\u00a0 \u00a0 \u00a0 \u00a0 \u00a0 \u00a0 \u00a0 \u00a0 \u00a0 \u00a0 \u00a0\u00a0:\u00a0(056) 232642 + Vicario General \u00a0: \u00a0\u00a0Pbro. Edmundo Rufino Hern\u00e1ndez Aparcana + Vicario Episcopal de Curia:\u00a0\u00a0\u00a0 Pbro. CANCILLER\u00cdA + Direcci\u00f3n \u00a0 &#8230; <span class=\"more\"><a class=\"more-link\" href=\"https:\/\/obispadoica.org\/wp\/curia-episcopal\/\">[Read more&#8230;]<\/a><\/span><\/p>\n","protected":false},"author":1,"featured_media":0,"parent":0,"menu_order":0,"comment_status":"closed","ping_status":"closed","template":"page-full-width.php","meta":{"footnotes":""},"class_list":["entry","page","publish","author-admin","post-40"],"_links":{"self":[{"href":"https:\/\/obispadoica.org\/wp\/wp-json\/wp\/v2\/pages\/40","targetHints":{"allow":["GET"]}}],"collection":[{"href":"https:\/\/obispadoica.org\/wp\/wp-json\/wp\/v2\/pages"}],"about":[{"href":"https:\/\/obispadoica.org\/wp\/wp-json\/wp\/v2\/types\/page"}],"author":[{"embeddable":true,"href":"https:\/\/obispadoica.org\/wp\/wp-json\/wp\/v2\/users\/1"}],"replies":[{"embeddable":true,"href":"https:\/\/obispadoica.org\/wp\/wp-json\/wp\/v2\/comments?post=40"}],"version-history":[{"count":13,"href":"https:\/\/obispadoica.org\/wp\/wp-json\/wp\/v2\/pages\/40\/revisions"}],"predecessor-version":[{"id":396,"href":"https:\/\/obispadoica.org\/wp\/wp-json\/wp\/v2\/pages\/40\/revisions\/396"}],"wp:attachment":[{"href":"https:\/\/obispadoica.org\/wp\/wp-json\/wp\/v2\/media?parent=40"}],"curies":[{"name":"wp","href":"https:\/\/api.w.org\/{rel}","templated":true}]}}